{"id":31,"date":"2018-04-29T17:16:56","date_gmt":"2018-04-29T17:16:56","guid":{"rendered":"https:\/\/w.landhotel-elfenhof.de\/?page_id=31"},"modified":"2018-10-20T16:07:32","modified_gmt":"2018-10-20T16:07:32","slug":"leistungen","status":"publish","type":"page","link":"https:\/\/www.landhotel-elfenhof.de\/en\/leistungen\/","title":{"rendered":"Services"},"content":{"rendered":"<div class=\"csc-header csc-header-n1\">\n<h1 class=\"csc-firstHeader\">Unsere Leistungen im \u00dcberblick<\/h1>\n<\/div>\n<div class=\"csc-textpic-text\">\n<p class=\"bodytext\">Folgende Leistungen sind bei uns im Preis enthalten<\/p>\n<ul>\n<li>Fr\u00fchst\u00fcck<\/li>\n<li>In allen Zimmern ist WLAN verf\u00fcgbar<\/li>\n<li>Parkpl\u00e4tze befinden sich in unmittelbarer N\u00e4he um das Haus ohne Geb\u00fchr<\/li>\n<\/ul>\n<p class=\"bodytext\">Gegen Aufpreis k\u00f6nnen Sie folgende Leistungen erhalten<\/p>\n<ul>\n<li>Fahrradnutzung<\/li>\n<li>Individuelles Grillevent oder Grillabend<\/li>\n<li>Familienfeier<\/li>\n<li>Tagungen<\/li>\n<\/ul>\n<\/div>\n","protected":false},"excerpt":{"rendered":"<p>Unsere Leistungen im \u00dcberblick Folgende Leistungen sind bei uns im Preis enthalten Fr\u00fchst\u00fcck In allen Zimmern ist WLAN verf\u00fcgbar Parkpl\u00e4tze befinden sich in unmittelbarer N\u00e4he um das Haus ohne Geb\u00fchr Gegen Aufpreis k\u00f6nnen Sie folgende Leistungen erhalten Fahrradnutzung Individuelles Grillevent oder Grillabend Familienfeier Tagungen<\/p>\n","protected":false},"author":1,"featured_media":0,"parent":0,"menu_order":0,"comment_status":"closed","ping_status":"closed","template":"","meta":{"footnotes":""},"class_list":["post-31","page","type-page","status-publish","hentry"],"translation":{"provider":"WPGlobus","version":"3.0.0","language":"en","enabled_languages":["de","en","fr"],"languages":{"de":{"title":true,"content":true,"excerpt":false},"en":{"title":true,"content":false,"excerpt":false},"fr":{"title":false,"content":false,"excerpt":false}}},"_links":{"self":[{"href":"https:\/\/www.landhotel-elfenhof.de\/en\/wp-json\/wp\/v2\/pages\/31","targetHints":{"allow":["GET"]}}],"collection":[{"href":"https:\/\/www.landhotel-elfenhof.de\/en\/wp-json\/wp\/v2\/pages"}],"about":[{"href":"https:\/\/www.landhotel-elfenhof.de\/en\/wp-json\/wp\/v2\/types\/page"}],"author":[{"embeddable":true,"href":"https:\/\/www.landhotel-elfenhof.de\/en\/wp-json\/wp\/v2\/users\/1"}],"replies":[{"embeddable":true,"href":"https:\/\/www.landhotel-elfenhof.de\/en\/wp-json\/wp\/v2\/comments?post=31"}],"version-history":[{"count":3,"href":"https:\/\/www.landhotel-elfenhof.de\/en\/wp-json\/wp\/v2\/pages\/31\/revisions"}],"predecessor-version":[{"id":241,"href":"https:\/\/www.landhotel-elfenhof.de\/en\/wp-json\/wp\/v2\/pages\/31\/revisions\/241"}],"wp:attachment":[{"href":"https:\/\/www.landhotel-elfenhof.de\/en\/wp-json\/wp\/v2\/media?parent=31"}],"curies":[{"name":"wp","href":"https:\/\/api.w.org\/{rel}","templated":true}]}}